{"id":246,"date":"2022-02-25T11:28:01","date_gmt":"2022-02-25T11:28:01","guid":{"rendered":"https:\/\/logopaede-bonn.de\/?page_id=246"},"modified":"2022-02-25T13:48:58","modified_gmt":"2022-02-25T13:48:58","slug":"zusammenarbeit","status":"publish","type":"page","link":"https:\/\/logopaede-bonn.de\/?page_id=246","title":{"rendered":"Zusammenarbeit"},"content":{"rendered":"\t\t<div data-elementor-type=\"wp-page\" data-elementor-id=\"246\" class=\"elementor elementor-246\">\n\t\t\t\t\t\t\t\t\t<section class=\"elementor-section elementor-top-section elementor-element elementor-element-f14db6a elementor-section-boxed elementor-section-height-default elementor-section-height-default\" data-id=\"f14db6a\" data-element_type=\"section\">\n\t\t\t\t\t\t<div class=\"elementor-container elementor-column-gap-default\">\n\t\t\t\t\t<div class=\"elementor-column elementor-col-100 elementor-top-column elementor-element elementor-element-0708916\" data-id=\"0708916\" data-element_type=\"column\">\n\t\t\t<div class=\"elementor-widget-wrap elementor-element-populated\">\n\t\t\t\t\t\t\t\t<div class=\"elementor-element elementor-element-1a1d6a5 elementor-widget elementor-widget-text-editor\" data-id=\"1a1d6a5\" data-element_type=\"widget\" data-widget_type=\"text-editor.default\">\n\t\t\t\t<div class=\"elementor-widget-container\">\n\t\t\t<style>\/*! elementor - v3.16.0 - 17-10-2023 *\/\n.elementor-widget-text-editor.elementor-drop-cap-view-stacked .elementor-drop-cap{background-color:#69727d;color:#fff}.elementor-widget-text-editor.elementor-drop-cap-view-framed .elementor-drop-cap{color:#69727d;border:3px solid;background-color:transparent}.elementor-widget-text-editor:not(.elementor-drop-cap-view-default) .elementor-drop-cap{margin-top:8px}.elementor-widget-text-editor:not(.elementor-drop-cap-view-default) .elementor-drop-cap-letter{width:1em;height:1em}.elementor-widget-text-editor .elementor-drop-cap{float:left;text-align:center;line-height:1;font-size:50px}.elementor-widget-text-editor .elementor-drop-cap-letter{display:inline-block}<\/style>\t\t\t\t<p><span style=\"font-family: georgia, palatino, serif; font-size: 12pt;\">Die Beteiligung aller Personen und Institutionen und die Iniitierung von gemeinsamen Gespr\u00e4chen ist m.E. die Voraussetzung, dass die Teilhabe des Kindes, das von Behinderung bedroht ist, gelingen kann. Hierzu bedarf es der Vernetzung der Kinder und Eltern mit \u00c4rzt:innen, Fr\u00fchf\u00f6derung, therapeutischen Praxen. Seit langer Zeit ist die Logop\u00e4dische Praxis Marc Wedel in Kooperation mit zwei Fr\u00fchf\u00f6rderstellen in Bonn.\u00a0<\/span><\/p><p><span style=\"font-family: georgia, palatino, serif; font-size: 12pt;\">Die Teilnahme an wissenschaftlichen Untersuchungen erweist sich oft als Belastung f\u00fcr den Praxisbetrieb und doch macht es Sinn &#8211; wenn irgendwie m\u00f6glich &#8211; die Zusammenarbeit zu suchen. Wir alle profitieren von den ergebnissen und k\u00f6nnen so die Teilhabe am Leben verbessern. Daher habe ich an der Studie <\/span><span style=\"font-family: georgia, palatino, serif; font-size: 12pt;\">PMS KIDS &#8211; Prospektive multizentrische Studie zur Wirksamkeit ambulanter Stottertherapie nach dem Stottermodifikationsansatz KIDS <\/span><span style=\"font-family: georgia, palatino, serif; font-size: 12pt;\">teilgenommen.\u00a0\u00a0<\/span><\/p>\t\t\t\t\t\t<\/div>\n\t\t\t\t<\/div>\n\t\t\t\t\t<\/div>\n\t\t<\/div>\n\t\t\t\t\t\t\t<\/div>\n\t\t<\/section>\n\t\t\t\t<section class=\"elementor-section elementor-top-section elementor-element elementor-element-cb8a4bd elementor-section-boxed elementor-section-height-default elementor-section-height-default\" data-id=\"cb8a4bd\" data-element_type=\"section\">\n\t\t\t\t\t\t<div class=\"elementor-container elementor-column-gap-default\">\n\t\t\t\t\t<div class=\"elementor-column elementor-col-100 elementor-top-column elementor-element elementor-element-8b34ce7\" data-id=\"8b34ce7\" data-element_type=\"column\">\n\t\t\t<div class=\"elementor-widget-wrap elementor-element-populated\">\n\t\t\t\t\t\t\t\t<div class=\"elementor-element elementor-element-3dde882 elementor-widget elementor-widget-text-editor\" data-id=\"3dde882\" data-element_type=\"widget\" data-widget_type=\"text-editor.default\">\n\t\t\t\t<div class=\"elementor-widget-container\">\n\t\t\t\t\t\t\t<p><a href=\"https:\/\/www.lebenshilfe-bonn.de\/familie\/fruehfoerderung\"><img loading=\"lazy\" decoding=\"async\" data-recalc-dims=\"1\" class=\"alignnone size-full wp-image-251\" src=\"https:\/\/i0.wp.com\/logopaede-bonn.de\/wp-content\/uploads\/2022\/02\/LH-Bonn-Logo.png?resize=288%2C101&#038;ssl=1\" alt=\"\" width=\"288\" height=\"101\" \/>https:\/\/www.lebenshilfe-bonn.de\/familie\/fruehfoerderung<\/a><\/p>\t\t\t\t\t\t<\/div>\n\t\t\t\t<\/div>\n\t\t\t\t\t<\/div>\n\t\t<\/div>\n\t\t\t\t\t\t\t<\/div>\n\t\t<\/section>\n\t\t\t\t<section class=\"elementor-section elementor-top-section elementor-element elementor-element-078335e elementor-section-boxed elementor-section-height-default elementor-section-height-default\" data-id=\"078335e\" data-element_type=\"section\">\n\t\t\t\t\t\t<div class=\"elementor-container elementor-column-gap-default\">\n\t\t\t\t\t<div class=\"elementor-column elementor-col-100 elementor-top-column elementor-element elementor-element-583a260\" data-id=\"583a260\" data-element_type=\"column\">\n\t\t\t<div class=\"elementor-widget-wrap elementor-element-populated\">\n\t\t\t\t\t\t\t\t<div class=\"elementor-element elementor-element-62f764c elementor-widget elementor-widget-text-editor\" data-id=\"62f764c\" data-element_type=\"widget\" data-widget_type=\"text-editor.default\">\n\t\t\t\t<div class=\"elementor-widget-container\">\n\t\t\t\t\t\t\t<p><a href=\"https:\/\/www.medizinundtherapie.de\/interdisziplinaere-fruehfoerderung-gmbiff-in-bonn\/\"><img loading=\"lazy\" decoding=\"async\" data-recalc-dims=\"1\" class=\"alignnone size-full wp-image-252\" src=\"https:\/\/i0.wp.com\/logopaede-bonn.de\/wp-content\/uploads\/2022\/02\/GMBIFF-Logo.png?resize=260%2C147&#038;ssl=1\" alt=\"\" width=\"260\" height=\"147\" \/>https:\/\/www.medizinundtherapie.de\/interdisziplinaere-fruehfoerderung-gmbiff-in-bonn\/<\/a><\/p>\t\t\t\t\t\t<\/div>\n\t\t\t\t<\/div>\n\t\t\t\t\t<\/div>\n\t\t<\/div>\n\t\t\t\t\t\t\t<\/div>\n\t\t<\/section>\n\t\t\t\t<section class=\"elementor-section elementor-top-section elementor-element elementor-element-9d6be12 elementor-section-boxed elementor-section-height-default elementor-section-height-default\" data-id=\"9d6be12\" data-element_type=\"section\">\n\t\t\t\t\t\t<div class=\"elementor-container elementor-column-gap-default\">\n\t\t\t\t\t<div class=\"elementor-column elementor-col-100 elementor-top-column elementor-element elementor-element-ac6fd31\" data-id=\"ac6fd31\" data-element_type=\"column\">\n\t\t\t<div class=\"elementor-widget-wrap elementor-element-populated\">\n\t\t\t\t\t\t\t\t<div class=\"elementor-element elementor-element-008434c elementor-widget elementor-widget-text-editor\" data-id=\"008434c\" data-element_type=\"widget\" data-widget_type=\"text-editor.default\">\n\t\t\t\t<div class=\"elementor-widget-container\">\n\t\t\t\t\t\t\t\t\t\t\t\t\t<\/div>\n\t\t\t\t<\/div>\n\t\t\t\t<div class=\"elementor-element elementor-element-7151248 elementor-widget elementor-widget-text-editor\" data-id=\"7151248\" data-element_type=\"widget\" data-widget_type=\"text-editor.default\">\n\t\t\t\t<div class=\"elementor-widget-container\">\n\t\t\t\t\t\t\t<p><a href=\"https:\/\/www.bvss.de\/\"><img loading=\"lazy\" decoding=\"async\" data-recalc-dims=\"1\" class=\"alignnone size-full wp-image-259\" src=\"https:\/\/i0.wp.com\/logopaede-bonn.de\/wp-content\/uploads\/2022\/02\/csm_Logo_Orange_Web_Quadrat_8587769581.png?resize=240%2C180&#038;ssl=1\" alt=\"\" width=\"240\" height=\"180\" \/>https:\/\/www.bvss.de\/<\/a><\/p>\t\t\t\t\t\t<\/div>\n\t\t\t\t<\/div>\n\t\t\t\t\t<\/div>\n\t\t<\/div>\n\t\t\t\t\t\t\t<\/div>\n\t\t<\/section>\n\t\t\t\t<section class=\"elementor-section elementor-top-section elementor-element elementor-element-4886689 elementor-section-boxed elementor-section-height-default elementor-section-height-default\" data-id=\"4886689\" data-element_type=\"section\">\n\t\t\t\t\t\t<div class=\"elementor-container elementor-column-gap-default\">\n\t\t\t\t\t<div class=\"elementor-column elementor-col-100 elementor-top-column elementor-element elementor-element-43f217d\" data-id=\"43f217d\" data-element_type=\"column\">\n\t\t\t<div class=\"elementor-widget-wrap elementor-element-populated\">\n\t\t\t\t\t\t\t\t<div class=\"elementor-element elementor-element-bed83e4 elementor-widget elementor-widget-text-editor\" data-id=\"bed83e4\" data-element_type=\"widget\" data-widget_type=\"text-editor.default\">\n\t\t\t\t<div class=\"elementor-widget-container\">\n\t\t\t\t\t\t\t<p><a href=\"https:\/\/www.pms-kids.de\/\" class=\"broken_link\"><img loading=\"lazy\" decoding=\"async\" data-recalc-dims=\"1\" class=\"alignnone size-medium wp-image-253\" src=\"https:\/\/i0.wp.com\/logopaede-bonn.de\/wp-content\/uploads\/2022\/02\/pms_kids_studie_ss_header.jpeg?resize=300%2C239&#038;ssl=1\" alt=\"\" width=\"300\" height=\"239\" srcset=\"https:\/\/i0.wp.com\/logopaede-bonn.de\/wp-content\/uploads\/2022\/02\/pms_kids_studie_ss_header.jpeg?w=1096&amp;ssl=1 1096w, https:\/\/i0.wp.com\/logopaede-bonn.de\/wp-content\/uploads\/2022\/02\/pms_kids_studie_ss_header.jpeg?resize=300%2C239&amp;ssl=1 300w, https:\/\/i0.wp.com\/logopaede-bonn.de\/wp-content\/uploads\/2022\/02\/pms_kids_studie_ss_header.jpeg?resize=1024%2C816&amp;ssl=1 1024w, https:\/\/i0.wp.com\/logopaede-bonn.de\/wp-content\/uploads\/2022\/02\/pms_kids_studie_ss_header.jpeg?resize=768%2C612&amp;ssl=1 768w\" sizes=\"auto, (max-width: 300px) 100vw, 300px\" \/>https:\/\/www.pms-kids.de\/<\/a><\/p>\t\t\t\t\t\t<\/div>\n\t\t\t\t<\/div>\n\t\t\t\t\t<\/div>\n\t\t<\/div>\n\t\t\t\t\t\t\t<\/div>\n\t\t<\/section>\n\t\t\t\t<section class=\"elementor-section elementor-top-section elementor-element elementor-element-48afc9e elementor-section-boxed elementor-section-height-default elementor-section-height-default\" data-id=\"48afc9e\" data-element_type=\"section\">\n\t\t\t\t\t\t<div class=\"elementor-container elementor-column-gap-default\">\n\t\t\t\t\t<div class=\"elementor-column elementor-col-100 elementor-top-column elementor-element elementor-element-68f09c6\" data-id=\"68f09c6\" data-element_type=\"column\">\n\t\t\t<div class=\"elementor-widget-wrap elementor-element-populated\">\n\t\t\t\t\t\t\t\t<div class=\"elementor-element elementor-element-3a08f91 elementor-widget elementor-widget-text-editor\" data-id=\"3a08f91\" data-element_type=\"widget\" data-widget_type=\"text-editor.default\">\n\t\t\t\t<div class=\"elementor-widget-container\">\n\t\t\t\t\t\t\t<p><a href=\"https:\/\/www.lidcombe.de\/\" class=\"broken_link\"><img loading=\"lazy\" decoding=\"async\" data-recalc-dims=\"1\" class=\"alignnone size-medium wp-image-257\" src=\"https:\/\/i0.wp.com\/logopaede-bonn.de\/wp-content\/uploads\/2022\/02\/b002ed_bae5aa8508604a4185c7d76c3abbaf9d.webp?resize=300%2C113&#038;ssl=1\" alt=\"\" width=\"300\" height=\"113\" srcset=\"https:\/\/i0.wp.com\/logopaede-bonn.de\/wp-content\/uploads\/2022\/02\/b002ed_bae5aa8508604a4185c7d76c3abbaf9d.webp?w=385&amp;ssl=1 385w, https:\/\/i0.wp.com\/logopaede-bonn.de\/wp-content\/uploads\/2022\/02\/b002ed_bae5aa8508604a4185c7d76c3abbaf9d.webp?resize=300%2C113&amp;ssl=1 300w\" sizes=\"auto, (max-width: 300px) 100vw, 300px\" \/>https:\/\/www.lidcombe.de<\/a><\/p>\t\t\t\t\t\t<\/div>\n\t\t\t\t<\/div>\n\t\t\t\t\t<\/div>\n\t\t<\/div>\n\t\t\t\t\t\t\t<\/div>\n\t\t<\/section>\n\t\t\t\t\t\t\t<\/div>\n\t\t","protected":false},"excerpt":{"rendered":"<p>Die Beteiligung aller Personen und Institutionen und die Iniitierung von gemeinsamen Gespr\u00e4chen ist m.E. die Voraussetzung, dass die Teilhabe des Kindes, das von Behinderung bedroht ist, gelingen kann. Hierzu bedarf [&hellip;]<\/p>\n","protected":false},"author":1,"featured_media":0,"parent":0,"menu_order":0,"comment_status":"closed","ping_status":"closed","template":"","meta":{"ocean_post_layout":"","ocean_both_sidebars_style":"","ocean_both_sidebars_content_width":0,"ocean_both_sidebars_sidebars_width":0,"ocean_sidebar":"","ocean_second_sidebar":"","ocean_disable_margins":"enable","ocean_add_body_class":"","ocean_shortcode_before_top_bar":"","ocean_shortcode_after_top_bar":"","ocean_shortcode_before_header":"","ocean_shortcode_after_header":"","ocean_has_shortcode":"","ocean_shortcode_after_title":"","ocean_shortcode_before_footer_widgets":"","ocean_shortcode_after_footer_widgets":"","ocean_shortcode_before_footer_bottom":"","ocean_shortcode_after_footer_bottom":"","ocean_display_top_bar":"default","ocean_display_header":"default","ocean_header_style":"","ocean_center_header_left_menu":"","ocean_custom_header_template":"","ocean_custom_logo":0,"ocean_custom_retina_logo":0,"ocean_custom_logo_max_width":0,"ocean_custom_logo_tablet_max_width":0,"ocean_custom_logo_mobile_max_width":0,"ocean_custom_logo_max_height":0,"ocean_custom_logo_tablet_max_height":0,"ocean_custom_logo_mobile_max_height":0,"ocean_header_custom_menu":"","ocean_menu_typo_font_family":"","ocean_menu_typo_font_subset":"","ocean_menu_typo_font_size":0,"ocean_menu_typo_font_size_tablet":0,"ocean_menu_typo_font_size_mobile":0,"ocean_menu_typo_font_size_unit":"px","ocean_menu_typo_font_weight":"","ocean_menu_typo_font_weight_tablet":"","ocean_menu_typo_font_weight_mobile":"","ocean_menu_typo_transform":"","ocean_menu_typo_transform_tablet":"","ocean_menu_typo_transform_mobile":"","ocean_menu_typo_line_height":0,"ocean_menu_typo_line_height_tablet":0,"ocean_menu_typo_line_height_mobile":0,"ocean_menu_typo_line_height_unit":"","ocean_menu_typo_spacing":0,"ocean_menu_typo_spacing_tablet":0,"ocean_menu_typo_spacing_mobile":0,"ocean_menu_typo_spacing_unit":"","ocean_menu_link_color":"","ocean_menu_link_color_hover":"","ocean_menu_link_color_active":"","ocean_menu_link_background":"","ocean_menu_link_hover_background":"","ocean_menu_link_active_background":"","ocean_menu_social_links_bg":"","ocean_menu_social_hover_links_bg":"","ocean_menu_social_links_color":"","ocean_menu_social_hover_links_color":"","ocean_disable_title":"default","ocean_disable_heading":"default","ocean_post_title":"","ocean_post_subheading":"","ocean_post_title_style":"","ocean_post_title_background_color":"","ocean_post_title_background":0,"ocean_post_title_bg_image_position":"","ocean_post_title_bg_image_attachment":"","ocean_post_title_bg_image_repeat":"","ocean_post_title_bg_image_size":"","ocean_post_title_height":0,"ocean_post_title_bg_overlay":0.5,"ocean_post_title_bg_overlay_color":"","ocean_disable_breadcrumbs":"default","ocean_breadcrumbs_color":"","ocean_breadcrumbs_separator_color":"","ocean_breadcrumbs_links_color":"","ocean_breadcrumbs_links_hover_color":"","ocean_display_footer_widgets":"default","ocean_display_footer_bottom":"default","ocean_custom_footer_template":"","footnotes":""},"class_list":["post-246","page","type-page","status-publish","hentry","entry"],"jetpack_sharing_enabled":true,"_links":{"self":[{"href":"https:\/\/logopaede-bonn.de\/index.php?rest_route=\/wp\/v2\/pages\/246","targetHints":{"allow":["GET"]}}],"collection":[{"href":"https:\/\/logopaede-bonn.de\/index.php?rest_route=\/wp\/v2\/pages"}],"about":[{"href":"https:\/\/logopaede-bonn.de\/index.php?rest_route=\/wp\/v2\/types\/page"}],"author":[{"embeddable":true,"href":"https:\/\/logopaede-bonn.de\/index.php?rest_route=\/wp\/v2\/users\/1"}],"replies":[{"embeddable":true,"href":"https:\/\/logopaede-bonn.de\/index.php?rest_route=%2Fwp%2Fv2%2Fcomments&post=246"}],"version-history":[{"count":10,"href":"https:\/\/logopaede-bonn.de\/index.php?rest_route=\/wp\/v2\/pages\/246\/revisions"}],"predecessor-version":[{"id":265,"href":"https:\/\/logopaede-bonn.de\/index.php?rest_route=\/wp\/v2\/pages\/246\/revisions\/265"}],"wp:attachment":[{"href":"https:\/\/logopaede-bonn.de\/index.php?rest_route=%2Fwp%2Fv2%2Fmedia&parent=246"}],"curies":[{"name":"wp","href":"https:\/\/api.w.org\/{rel}","templated":true}]}}